{"id":3,"date":"2025-10-27T14:13:46","date_gmt":"2025-10-27T14:13:46","guid":{"rendered":"https:\/\/almondtours.com\/?page_id=3"},"modified":"2025-12-08T11:28:21","modified_gmt":"2025-12-08T11:28:21","slug":"privacy-policy","status":"publish","type":"page","link":"https:\/\/almondtours.com\/fi\/privacy-policy\/","title":{"rendered":"Meist\u00e4"},"content":{"rendered":"<h2 class=\"wp-block-heading\">Keit\u00e4 olemme<\/h2>\n\n\n\n<p>Olen opas Israelissa, jossa olen perheen kanssa asunu jo 15 vuotta. Kysy minulta makoista Israeliin. \nMatkoilla tutustumme Raamatun maahan. Kysy myos patikoiniretkista esim. Juudean vuoristossa. \nKysy lisaa ja autan mielellani sinua matkan suunnittelussa ja toteutuksessa. Myos hotelli- ja majoitusvarauksissa.<\/p>\n\n\n\n<p>Verkkosivumme osoite on: https:\/\/almondtours.com.<\/p>\n\n\n\n<h2 class=\"wp-block-heading\">Yhteystiedot<\/h2>\n\n\n\n<p>You can contact us by email jerusalemthroughtime@gmail.com.<\/p>\n\n\n\n<p>Facebook ja Instagram :<\/p>\n\n\n\n<p>Naturechains &#8211; Instagram for Jewelery and other items for sale. Jewelry and other items are handmade in Israel.<\/p>\n\n\n\n<p>Jerusalem Through Times - Instagram ja Facebook, josta l\u00f6ytyy matkoista<\/p>\n\n\n\n<p>Mantelimatkat ovat Jerusalemissa p\u00e4\u00e4paikkaa pit\u00e4v\u00e4 matka-alan yritys. Tanja on yrityksen omistaja ja matkaopas. <\/p>\n\n\n\n<p><\/p>","protected":false},"excerpt":{"rendered":"<p>Who we are I am Israeli tour guide. I have lived in Israel for 15 years with my family. I am doing tours to Jerusalem and to all Israel. Walking with Bible through the Land and also hiking tours are available. I am holding MA of Israel studies and another MA of the Bible. Ask [&hellip;]<\/p>","protected":false},"author":1,"featured_media":321,"parent":0,"menu_order":0,"comment_status":"closed","ping_status":"open","template":"","meta":{"footnotes":""},"class_list":["post-3","page","type-page","status-publish","has-post-thumbnail","hentry"],"_hostinger_reach_plugin_has_subscription_block":false,"_hostinger_reach_plugin_is_elementor":false,"_links":{"self":[{"href":"https:\/\/almondtours.com\/fi\/wp-json\/wp\/v2\/pages\/3","targetHints":{"allow":["GET"]}}],"collection":[{"href":"https:\/\/almondtours.com\/fi\/wp-json\/wp\/v2\/pages"}],"about":[{"href":"https:\/\/almondtours.com\/fi\/wp-json\/wp\/v2\/types\/page"}],"author":[{"embeddable":true,"href":"https:\/\/almondtours.com\/fi\/wp-json\/wp\/v2\/users\/1"}],"replies":[{"embeddable":true,"href":"https:\/\/almondtours.com\/fi\/wp-json\/wp\/v2\/comments?post=3"}],"version-history":[{"count":3,"href":"https:\/\/almondtours.com\/fi\/wp-json\/wp\/v2\/pages\/3\/revisions"}],"predecessor-version":[{"id":343,"href":"https:\/\/almondtours.com\/fi\/wp-json\/wp\/v2\/pages\/3\/revisions\/343"}],"wp:featuredmedia":[{"embeddable":true,"href":"https:\/\/almondtours.com\/fi\/wp-json\/wp\/v2\/media\/321"}],"wp:attachment":[{"href":"https:\/\/almondtours.com\/fi\/wp-json\/wp\/v2\/media?parent=3"}],"curies":[{"name":"wp","href":"https:\/\/api.w.org\/{rel}","templated":true}]}}