{"id":358,"date":"2025-12-30T07:29:46","date_gmt":"2025-12-30T07:29:46","guid":{"rendered":"https:\/\/almondtours.com\/?post_type=product&#038;p=358"},"modified":"2025-12-30T07:29:46","modified_gmt":"2025-12-30T07:29:46","slug":"israel-mosaiikki-ja-risteys-kohta-kirja","status":"publish","type":"product","link":"https:\/\/almondtours.com\/fi\/tuote\/israel-mosaiikki-ja-risteys-kohta-kirja\/","title":{"rendered":"Israel, mosaiikki ja risteys kohta &#8211; kirja"},"content":{"rendered":"<p>Israel, mosaiikki ja risteyskohta &#8211; kirjan mukana p\u00e4\u00e4set aikamatkalle Raamatun maahan Israelin nykykontekstissa. Kirja tarjoaa aikamatka mahd kronologisessa j\u00e4rjestyksess\u00e4 Alkaen vanhan testamentin kertomuksista ja p\u00e4\u00e4ttyy Uuden testamentin kertomuksiin.<\/p>\n<p>Mahdollista on my\u00f6s l\u00e4hte\u00e4 aikamatkalle, joka toteutetaan Israelissa p\u00e4\u00e4osin kirjan mukaisesti.<\/p>\n<p>&nbsp;<\/p>\n<p>Kysy lis\u00e4\u00e4!<\/p>\n<p><img loading=\"lazy\" decoding=\"async\" class=\"alignnone size-medium wp-image-359\" src=\"https:\/\/almondtours.com\/wp-content\/uploads\/2025\/12\/17670787857207743981746098253354-225x300.jpg\" alt=\"\" width=\"225\" height=\"300\" srcset=\"https:\/\/almondtours.com\/wp-content\/uploads\/2025\/12\/17670787857207743981746098253354-225x300.jpg 225w, https:\/\/almondtours.com\/wp-content\/uploads\/2025\/12\/17670787857207743981746098253354-768x1024.jpg 768w, https:\/\/almondtours.com\/wp-content\/uploads\/2025\/12\/17670787857207743981746098253354-1152x1536.jpg 1152w, https:\/\/almondtours.com\/wp-content\/uploads\/2025\/12\/17670787857207743981746098253354-1536x2048.jpg 1536w, https:\/\/almondtours.com\/wp-content\/uploads\/2025\/12\/17670787857207743981746098253354-9x12.jpg 9w, https:\/\/almondtours.com\/wp-content\/uploads\/2025\/12\/17670787857207743981746098253354-600x800.jpg 600w, https:\/\/almondtours.com\/wp-content\/uploads\/2025\/12\/17670787857207743981746098253354-scaled.jpg 1920w\" sizes=\"auto, (max-width: 225px) 100vw, 225px\" \/><img loading=\"lazy\" decoding=\"async\" class=\"alignnone size-medium wp-image-360\" src=\"https:\/\/almondtours.com\/wp-content\/uploads\/2025\/12\/17670788313161513591503249810928-225x300.jpg\" alt=\"\" width=\"225\" height=\"300\" srcset=\"https:\/\/almondtours.com\/wp-content\/uploads\/2025\/12\/17670788313161513591503249810928-225x300.jpg 225w, https:\/\/almondtours.com\/wp-content\/uploads\/2025\/12\/17670788313161513591503249810928-768x1024.jpg 768w, https:\/\/almondtours.com\/wp-content\/uploads\/2025\/12\/17670788313161513591503249810928-1152x1536.jpg 1152w, https:\/\/almondtours.com\/wp-content\/uploads\/2025\/12\/17670788313161513591503249810928-1536x2048.jpg 1536w, https:\/\/almondtours.com\/wp-content\/uploads\/2025\/12\/17670788313161513591503249810928-9x12.jpg 9w, https:\/\/almondtours.com\/wp-content\/uploads\/2025\/12\/17670788313161513591503249810928-600x800.jpg 600w, https:\/\/almondtours.com\/wp-content\/uploads\/2025\/12\/17670788313161513591503249810928-scaled.jpg 1920w\" sizes=\"auto, (max-width: 225px) 100vw, 225px\" \/><\/p>\n<p>Tanja<\/p>\n<p>jerusalemthroughtime@gmail.com<\/p>\n<p>&nbsp;<\/p>","protected":false},"excerpt":{"rendered":"<p>Israel, mosaiikki ja risteyskohta &#8211; kirjan mukana p\u00e4\u00e4set aikamatkalle Raamatun maahan Israelin nykykontekstissa. Kirja tarjoaa aikamatka mahd kronologisessa j\u00e4rjestyksess\u00e4 Alkaen vanhan testamentin kertomuksista ja p\u00e4\u00e4ttyy Uuden testamentin kertomuksiin. Mahdollista on my\u00f6s l\u00e4hte\u00e4 aikamatkalle, joka toteutetaan Israelissa p\u00e4\u00e4osin kirjan mukaisesti. &nbsp; Kysy lis\u00e4\u00e4! Tanja jerusalemthroughtime@gmail.com &nbsp;<\/p>","protected":false},"featured_media":359,"template":"","meta":[],"product_brand":[],"product_cat":[27],"product_tag":[31,29,28,30],"class_list":{"0":"post-358","1":"product","2":"type-product","3":"status-publish","4":"has-post-thumbnail","6":"product_cat-books","7":"product_tag-aikamatka","8":"product_tag-historia","9":"product_tag-israel","10":"product_tag-raamattu","12":"first","13":"instock","14":"shipping-taxable","15":"purchasable","16":"product-type-simple"},"_links":{"self":[{"href":"https:\/\/almondtours.com\/fi\/wp-json\/wp\/v2\/product\/358","targetHints":{"allow":["GET"]}}],"collection":[{"href":"https:\/\/almondtours.com\/fi\/wp-json\/wp\/v2\/product"}],"about":[{"href":"https:\/\/almondtours.com\/fi\/wp-json\/wp\/v2\/types\/product"}],"wp:featuredmedia":[{"embeddable":true,"href":"https:\/\/almondtours.com\/fi\/wp-json\/wp\/v2\/media\/359"}],"wp:attachment":[{"href":"https:\/\/almondtours.com\/fi\/wp-json\/wp\/v2\/media?parent=358"}],"wp:term":[{"taxonomy":"product_brand","embeddable":true,"href":"https:\/\/almondtours.com\/fi\/wp-json\/wp\/v2\/product_brand?post=358"},{"taxonomy":"product_cat","embeddable":true,"href":"https:\/\/almondtours.com\/fi\/wp-json\/wp\/v2\/product_cat?post=358"},{"taxonomy":"product_tag","embeddable":true,"href":"https:\/\/almondtours.com\/fi\/wp-json\/wp\/v2\/product_tag?post=358"}],"curies":[{"name":"wp","href":"https:\/\/api.w.org\/{rel}","templated":true}]}}