{"id":362,"date":"2025-12-30T07:38:41","date_gmt":"2025-12-30T07:38:41","guid":{"rendered":"https:\/\/almondtours.com\/?post_type=product&#038;p=362"},"modified":"2025-12-30T16:43:17","modified_gmt":"2025-12-30T16:43:17","slug":"jerusalem-ja-juuda-assyrian-uhasta-babylonian-tuhoon-kirja","status":"publish","type":"product","link":"https:\/\/almondtours.com\/fi\/tuote\/jerusalem-ja-juuda-assyrian-uhasta-babylonian-tuhoon-kirja\/","title":{"rendered":"Jerusalem ja Juuda Assyrian uhasta Babylonian tuhoon -kirja"},"content":{"rendered":"<p style=\"text-align: left;\">Jerusalem ja Juuda, Assyrian uhasta Babylonian tuhoon &#8211; aikamatkakirja.<\/p>\n<p>Kirjan mukana p\u00e4\u00e4set aikamatkalle Jerusalemiin ja ensimm\u00e4isen temppelin loppuvaiheisiin.<\/p>\n<p>Kysy my\u00f6s opastetusta matkasta, joka voidaan toteuttaa Jerusalemissa kirjassa mainittuihin kohteisiin.<\/p>\n<p>Kysy lis\u00e4\u00e4!<\/p>\n<p>jerusalemthroughtime@gmail.com<\/p>\n<p>Tanja<\/p>\n<p>&nbsp;<\/p>\n<p><img loading=\"lazy\" decoding=\"async\" class=\"alignnone size-medium wp-image-364\" src=\"https:\/\/almondtours.com\/wp-content\/uploads\/2025\/12\/17670802414013229780436541501981-225x300.jpg\" alt=\"\" width=\"225\" height=\"300\" srcset=\"https:\/\/almondtours.com\/wp-content\/uploads\/2025\/12\/17670802414013229780436541501981-225x300.jpg 225w, https:\/\/almondtours.com\/wp-content\/uploads\/2025\/12\/17670802414013229780436541501981-768x1024.jpg 768w, https:\/\/almondtours.com\/wp-content\/uploads\/2025\/12\/17670802414013229780436541501981-1152x1536.jpg 1152w, https:\/\/almondtours.com\/wp-content\/uploads\/2025\/12\/17670802414013229780436541501981-1536x2048.jpg 1536w, https:\/\/almondtours.com\/wp-content\/uploads\/2025\/12\/17670802414013229780436541501981-9x12.jpg 9w, https:\/\/almondtours.com\/wp-content\/uploads\/2025\/12\/17670802414013229780436541501981-600x800.jpg 600w, https:\/\/almondtours.com\/wp-content\/uploads\/2025\/12\/17670802414013229780436541501981-scaled.jpg 1920w\" sizes=\"auto, (max-width: 225px) 100vw, 225px\" \/><\/p>\n<blockquote><p>&nbsp;<\/p><\/blockquote>","protected":false},"excerpt":{"rendered":"<p>Jerusalem ja Juuda, Assyrian uhasta Babylonian tuhoon &#8211; aikamatkakirja. Kirjan mukana p\u00e4\u00e4set aikamatkalle Jerusalemiin ja ensimm\u00e4isen temppelin loppuvaiheisiin. Kysy my\u00f6s opastetusta matkasta, joka voidaan toteuttaa Jerusalemissa kirjassa mainittuihin kohteisiin. Kysy lis\u00e4\u00e4! jerusalemthroughtime@gmail.com Tanja &nbsp; &nbsp;<\/p>","protected":false},"featured_media":363,"template":"","meta":[],"product_brand":[],"product_cat":[27],"product_tag":[36,33,34,29,35,37,30,32],"class_list":{"0":"post-362","1":"product","2":"type-product","3":"status-publish","4":"has-post-thumbnail","6":"product_cat-books","7":"product_tag-arkeologia","8":"product_tag-ensimmaisen-temppelin-loppuvaiheet","9":"product_tag-hiskia","10":"product_tag-historia","11":"product_tag-josia","12":"product_tag-matkakirja","13":"product_tag-raamattu","14":"product_tag-raamatun-maa","16":"first","17":"instock","18":"shipping-taxable","19":"purchasable","20":"product-type-simple"},"_links":{"self":[{"href":"https:\/\/almondtours.com\/fi\/wp-json\/wp\/v2\/product\/362","targetHints":{"allow":["GET"]}}],"collection":[{"href":"https:\/\/almondtours.com\/fi\/wp-json\/wp\/v2\/product"}],"about":[{"href":"https:\/\/almondtours.com\/fi\/wp-json\/wp\/v2\/types\/product"}],"wp:featuredmedia":[{"embeddable":true,"href":"https:\/\/almondtours.com\/fi\/wp-json\/wp\/v2\/media\/363"}],"wp:attachment":[{"href":"https:\/\/almondtours.com\/fi\/wp-json\/wp\/v2\/media?parent=362"}],"wp:term":[{"taxonomy":"product_brand","embeddable":true,"href":"https:\/\/almondtours.com\/fi\/wp-json\/wp\/v2\/product_brand?post=362"},{"taxonomy":"product_cat","embeddable":true,"href":"https:\/\/almondtours.com\/fi\/wp-json\/wp\/v2\/product_cat?post=362"},{"taxonomy":"product_tag","embeddable":true,"href":"https:\/\/almondtours.com\/fi\/wp-json\/wp\/v2\/product_tag?post=362"}],"curies":[{"name":"wp","href":"https:\/\/api.w.org\/{rel}","templated":true}]}}